{"id":6,"date":"2019-04-11T08:00:46","date_gmt":"2019-04-11T06:00:46","guid":{"rendered":"http:\/\/kompetenzzentrum-kramer.de\/wordpress\/?page_id=6"},"modified":"2025-11-24T09:35:41","modified_gmt":"2025-11-24T08:35:41","slug":"willkommen","status":"publish","type":"page","link":"https:\/\/kompetenzzentrum-kramer.de\/wordpress\/","title":{"rendered":"Willkommen"},"content":{"rendered":"<h2><span style=\"font-size: 12pt;\"><\/span><\/h2>\n<h2 style=\"text-align: center;\"><span style=\"color: #f17900; font-weight: bold;\">Wir \u00fcberarbeiten zurzeit unsere Webseiten<br \/><\/span><span style=\"color: #f17900; font-weight: 400;\">Danke f\u00fcr Ihr Interesse und Ihr Verst\u00e4ndnis<\/span><\/h2>\n<h2 style=\"text-align: center;\"><span style=\"color: #808080;\">Herzlich Willkommen beim<\/span><br \/><span style=\"color: #808080;\">Kompetenzzentrum Kramer Papenburg<\/span><\/h2>\n<p><img loading=\"lazy\" class=\"aligncenter size-full wp-image-51\" src=\"https:\/\/kompetenzzentrum-kramer.de\/wordpress\/wp-content\/uploads\/2019\/04\/linie.jpg\" alt=\"\" width=\"899\" height=\"7\" srcset=\"https:\/\/kompetenzzentrum-kramer.de\/wordpress\/wp-content\/uploads\/2019\/04\/linie.jpg 899w, https:\/\/kompetenzzentrum-kramer.de\/wordpress\/wp-content\/uploads\/2019\/04\/linie-300x2.jpg 300w, https:\/\/kompetenzzentrum-kramer.de\/wordpress\/wp-content\/uploads\/2019\/04\/linie-768x6.jpg 768w\" sizes=\"(max-width: 899px) 100vw, 899px\" \/><\/p>\n<div class=\"row \">\n<div class=\"span3 \"><section class=\"lazy-load-box  trigger effect-slidefromright\" data-delay=\"400\" data-speed=\"800\" style=\"-webkit-transition: all 800ms ease; -moz-transition: all 800ms ease; -ms-transition: all 800ms ease; -o-transition: all 800ms ease; transition: all 800ms ease;\">\n<h4 style=\"text-align: center;\"><strong>Sanit\u00e4tshaus<\/strong><\/h4>\n<div class=\"service-box style_1\"><figure class=\"icon\"><a href=\"https:\/\/kompetenzzentrum-kramer.de\/wordpress\/sanitaetsfachgeschaeft\/\"><img src=\"https:\/\/kompetenzzentrum-kramer.de\/wordpress\/wp-content\/plugins\/cherry-plugin\/includes\/images\/icon16.png\" alt=\"\" \/><\/a><\/figure><div class=\"service-box_body\"><\/div><\/div><!-- \/Service Box -->\n<\/section><\/div><div class=\"span3 \"><section class=\"lazy-load-box  trigger effect-slidefromright\" data-delay=\"600\" data-speed=\"800\" style=\"-webkit-transition: all 800ms ease; -moz-transition: all 800ms ease; -ms-transition: all 800ms ease; -o-transition: all 800ms ease; transition: all 800ms ease;\">\n<h4 style=\"text-align: center;\"><strong>Orthop\u00e4dietechnik<\/strong><\/h4>\n<div class=\"service-box style_1\"><figure class=\"icon\"><a href=\"https:\/\/kompetenzzentrum-kramer.de\/wordpress\/orthopaedietechnik\/\"><img src=\"https:\/\/kompetenzzentrum-kramer.de\/wordpress\/wp-content\/plugins\/cherry-plugin\/includes\/images\/icon15.png\" alt=\"\" \/><\/a><\/figure><div class=\"service-box_body\"><\/div><\/div><!-- \/Service Box -->\n<\/section><\/div>\n<div class=\"span3 \"><section class=\"lazy-load-box  trigger effect-slidefromright\" data-delay=\"400\" data-speed=\"800\" style=\"-webkit-transition: all 800ms ease; -moz-transition: all 800ms ease; -ms-transition: all 800ms ease; -o-transition: all 800ms ease; transition: all 800ms ease;\">\n<h4 style=\"text-align: center;\"><strong>Reha-Technik<\/strong><\/h4>\n<div class=\"service-box style_1\"><figure class=\"icon\"><a href=\"https:\/\/kompetenzzentrum-kramer.de\/wordpress\/rehabilitationstechnik\/\"><img src=\"https:\/\/kompetenzzentrum-kramer.de\/wordpress\/wp-content\/plugins\/cherry-plugin\/includes\/images\/icon14.png\" alt=\"\" \/><\/a><\/figure><div class=\"service-box_body\"><\/div><\/div><!-- \/Service Box -->\n<\/section><\/div>\n<div class=\"span3 \"><section class=\"lazy-load-box  trigger effect-slidefromright\" data-delay=\"400\" data-speed=\"800\" style=\"-webkit-transition: all 800ms ease; -moz-transition: all 800ms ease; -ms-transition: all 800ms ease; -o-transition: all 800ms ease; transition: all 800ms ease;\">\n<h4 style=\"text-align: center;\"><strong>Orthop\u00e4die Schuhtechnik<\/strong><\/h4>\n<div class=\"service-box style_1\"><figure class=\"icon\"><a href=\"https:\/\/kompetenzzentrum-kramer.de\/wordpress\/fuss-schuh\/\"><img src=\"https:\/\/kompetenzzentrum-kramer.de\/wordpress\/wp-content\/plugins\/cherry-plugin\/includes\/images\/icon12.png\" alt=\"\" \/><\/a><\/figure><div class=\"service-box_body\"><\/div><\/div><!-- \/Service Box -->\n<\/section><\/div>\n<\/div><!-- .row (end) -->\n<p><img loading=\"lazy\" class=\"alignleft wp-image-64\" src=\"https:\/\/kompetenzzentrum-kramer.de\/wordpress\/wp-content\/uploads\/2019\/04\/gebaeude-300x158.jpg\" alt=\"\" width=\"500\" height=\"264\" srcset=\"https:\/\/kompetenzzentrum-kramer.de\/wordpress\/wp-content\/uploads\/2019\/04\/gebaeude-300x158.jpg 300w, https:\/\/kompetenzzentrum-kramer.de\/wordpress\/wp-content\/uploads\/2019\/04\/gebaeude-768x405.jpg 768w, https:\/\/kompetenzzentrum-kramer.de\/wordpress\/wp-content\/uploads\/2019\/04\/gebaeude-1024x540.jpg 1024w, https:\/\/kompetenzzentrum-kramer.de\/wordpress\/wp-content\/uploads\/2019\/04\/gebaeude.jpg 1200w\" sizes=\"(max-width: 500px) 100vw, 500px\" \/><strong>Liebe Kunden, liebe Interessenten ...<\/strong><\/p>\n<p style=\"text-align: justify;\"><span style=\"font-size: 13pt;\">als einer der gr\u00f6\u00dften Anbieter medizinischer Hilfsmittel und Gesundheitsdienstleister hier in der Region bieten wir Ihnen seit \u00fcber 30 Jahren ein Optimum an Qualit\u00e4t, freundlichem Service sowie kompetenter Beratung und eine st\u00e4ndige vertrauensvolle Begleitung. Wir betreuen Sie pers\u00f6nlich in allen Bereichen der Orthop\u00e4dietechnik, Rehabilitationstechnik und des Sanit\u00e4tsfachgesch\u00e4ftes.<\/span><\/p>\n<p style=\"text-align: justify;\"><span style=\"font-size: 13pt;\">Dieser vertrauensvolle Umgang miteinander ist uns wichtig \u2014 vom ersten Kontakt bis hin zu Ihrer Rehabilitation und Nachsorge. Unser Ziel ist es, f\u00fcr Sie ein H\u00f6chstma\u00df an Lebensqualit\u00e4t durch mehr Unabh\u00e4ngigkeit zu erreichen.<\/span><\/p>\n<p style=\"text-align: justify;\"><span style=\"font-size: 13pt;\">Die Dankbarkeit und Freude, die uns daf\u00fcr Tag f\u00fcr Tag von den vielen Patienten\/innen und Kunden entgegengebracht wird, ist ein unbeschreiblicher Ansporn f\u00fcr unsere technischen Hochleistungen und unser Engagement.<\/span><\/p>\n<p style=\"text-align: justify;\"><span style=\"font-size: 13pt;\"><strong>Wie k\u00f6nnen wir Ihnen helfen?<\/strong><\/span><\/p>\n<p style=\"text-align: justify;\"><span style=\"font-size: 13pt;\">Sprechen Sie uns bitte an, vereinbaren Sie einen Termin oder besuchen Sie uns in unserem Sanit\u00e4tshaus in Papenburg. Wir nehmen uns viel Zeit f\u00fcr Sie und beraten Sie ganz pers\u00f6nlich.<\/span><\/p>\n<div id=\"attachment_59\" style=\"width: 143px\" class=\"wp-caption alignleft\"><img aria-describedby=\"caption-attachment-59\" loading=\"lazy\" class=\"wp-image-59 size-full\" src=\"https:\/\/kompetenzzentrum-kramer.de\/wordpress\/wp-content\/uploads\/2019\/04\/546276ada0.jpg\" alt=\"\" width=\"133\" height=\"59\" \/><p id=\"caption-attachment-59\" class=\"wp-caption-text\">Carsten Kramer<\/p><\/div>\n<div id=\"attachment_58\" style=\"width: 143px\" class=\"wp-caption alignleft\"><img aria-describedby=\"caption-attachment-58\" loading=\"lazy\" class=\"wp-image-58\" src=\"https:\/\/kompetenzzentrum-kramer.de\/wordpress\/wp-content\/uploads\/2019\/04\/6ce412abbc.jpg\" alt=\"\" width=\"133\" height=\"59\" \/><p id=\"caption-attachment-58\" class=\"wp-caption-text\">Manfred Schulte<\/p><\/div>\n<div id=\"attachment_599\" style=\"width: 143px\" class=\"wp-caption alignleft\"><img aria-describedby=\"caption-attachment-599\" loading=\"lazy\" class=\"wp-image-599 size-full\" src=\"https:\/\/kompetenzzentrum-kramer.de\/wordpress\/wp-content\/uploads\/2019\/04\/J-P.jpg\" alt=\"\" width=\"133\" height=\"53\" \/><p id=\"caption-attachment-599\" class=\"wp-caption-text\">Jessica Pommer<\/p><\/div>\n<hr \/>\n<section class=\"lazy-load-box  trigger effect-fade\" data-delay=\"200\" data-speed=\"800\" style=\"-webkit-transition: all 800ms ease; -moz-transition: all 800ms ease; -ms-transition: all 800ms ease; -o-transition: all 800ms ease; transition: all 800ms ease;\">\n<div class=\"row \"><\/div><!-- .row (end) -->\n<div class=\"span12 \"><\/div>\n<section class=\"lazy-load-box  trigger effect-fade\" data-delay=\"200\" data-speed=\"800\" style=\"-webkit-transition: all 800ms ease; -moz-transition: all 800ms ease; -ms-transition: all 800ms ease; -o-transition: all 800ms ease; transition: all 800ms ease;\"><\/section>\n<div class=\"hero-unit style_1\"><h1>Unser 2000 m\u00b2 Kompetenzzentrum f\u00fcr Orthop\u00e4die- und Rehatechnik in Papenburg mit Beratungs- und Ausstellungsr\u00e4umen, mit Werkstatt und Sanit\u00e4tshaus ist die Basis, um viele Menschen mit k\u00f6rperlichem Handicap unterst\u00fctzen zu k\u00f6nnen. <\/h1><div class=\"btn-align\"><a href=\"https:\/\/kompetenzzentrum-kramer.de\/wordpress\/leistungen\/\" title=\"mehr &gt;&gt;\" class=\"btn btn-info btn-normal btn-primary\" target=\"_self\">mehr &gt;&gt;<\/a><\/div><\/div><!-- .hero-unit (end) --><\/section>\n\n\n<style>.logo img {\n\tcontent: url(\"https:\/\/kompetenzzentrum-kramer.de\/wordpress\/wp-content\/uploads\/2022\/09\/logo-2-2.jpg\")\n}<\/style>\n","protected":false},"excerpt":{"rendered":"<p>Wir \u00fcberarbeiten zurzeit unsere WebseitenDanke f\u00fcr Ihr Interesse und Ihr Verst\u00e4ndnis Herzlich Willkommen beimKompetenzzentrum Kramer Papenburg Liebe Kunden, liebe Interessenten ... als einer der gr\u00f6\u00dften Anbieter medizinischer Hilfsmittel und Gesundheitsdienstleister hier in der Region bieten wir Ihnen seit \u00fcber 30 Jahren ein Optimum an Qualit\u00e4t, freundlichem Service sowie kompetenter Beratung und eine st\u00e4ndige vertrauensvolle Begleitung. Wir betreuen Sie pers\u00f6nlich in&nbsp;<a href=\"https:\/\/kompetenzzentrum-kramer.de\/wordpress\/\" class=\"read-more\">Weiter lesen<\/a><\/p>\n","protected":false},"author":1,"featured_media":0,"parent":0,"menu_order":0,"comment_status":"closed","ping_status":"closed","template":"page-home.php","meta":[],"_links":{"self":[{"href":"https:\/\/kompetenzzentrum-kramer.de\/wordpress\/wp-json\/wp\/v2\/pages\/6"}],"collection":[{"href":"https:\/\/kompetenzzentrum-kramer.de\/wordpress\/wp-json\/wp\/v2\/pages"}],"about":[{"href":"https:\/\/kompetenzzentrum-kramer.de\/wordpress\/wp-json\/wp\/v2\/types\/page"}],"author":[{"embeddable":true,"href":"https:\/\/kompetenzzentrum-kramer.de\/wordpress\/wp-json\/wp\/v2\/users\/1"}],"replies":[{"embeddable":true,"href":"https:\/\/kompetenzzentrum-kramer.de\/wordpress\/wp-json\/wp\/v2\/comments?post=6"}],"version-history":[{"count":58,"href":"https:\/\/kompetenzzentrum-kramer.de\/wordpress\/wp-json\/wp\/v2\/pages\/6\/revisions"}],"predecessor-version":[{"id":1345,"href":"https:\/\/kompetenzzentrum-kramer.de\/wordpress\/wp-json\/wp\/v2\/pages\/6\/revisions\/1345"}],"wp:attachment":[{"href":"https:\/\/kompetenzzentrum-kramer.de\/wordpress\/wp-json\/wp\/v2\/media?parent=6"}],"curies":[{"name":"wp","href":"https:\/\/api.w.org\/{rel}","templated":true}]}}